{"id":238,"date":"2017-05-29T10:16:30","date_gmt":"2017-05-29T08:16:30","guid":{"rendered":"http:\/\/getickets.gr\/?page_id=238"},"modified":"2018-02-24T22:54:23","modified_gmt":"2018-02-24T20:54:23","slug":"faq","status":"publish","type":"page","link":"https:\/\/getickets.gr\/it\/faq\/","title":{"rendered":"F.A.Q"},"content":{"rendered":"<p>[vc_row][vc_column][vc_toggle title=&#8221;HO PRENOTATO E PAGATO ONLINE, MA NON HO RICEVUTO CONFERMA. COSA POSSO FARE?&#8221;]Se la prenotazione e il pagamento sono andati a buon fine, ti sar\u00e0 inviata un&#8217; email di conferma. Nel caso in cui non hai ricevuto tale e-mail, \u00e8 molto probabile che n\u00e9 la prenotazione n\u00e9 il pagamento siano stati completati. Tuttavia, \u00e8 necessario inviare un messaggio di posta elettronica a booking@getickets.gr o contattare al numero +30 2646038020 \/ +30 6947375867.[\/vc_toggle][\/vc_column][\/vc_row][vc_row][vc_column][vc_toggle title=&#8221;LA STAMPA DEL BIGLIETTO CHE HO RICEVUTO VIA E-MAIL COSTITUISCE IL MIO TITOLO DI VIAGGIO?&#8221;]L&#8217;e-mail di conferma della prenotazione non \u00e8 valida per l&#8217;imbarco. \u00c8 necessario acquistare i biglietti prima dell&#8217;imbarco, per posta o al porto di partenza.[\/vc_toggle][\/vc_column][\/vc_row][vc_row][vc_column][vc_toggle title=&#8221;NEONATI E BAMBINI PAGANO UN INTERO BIGLIETTO;&#8221;]Sebbene possano essere applicate piccole differenze di politica sulle varie societ\u00e0, nella maggior parte dei casi le classi di et\u00e0 sono:<\/p>\n<p>neonati: 0-4 anni (gratuito)<\/p>\n<p>bambini:5-10 anni (50% di riduzione)<\/p>\n<p>adulti:10+<\/p>\n<p>Sconti extra potrebbero verificarsi durante l&#8217;anno. Per maggiori dettagli e offerte, non esitate a contattarci.[\/vc_toggle][\/vc_column][\/vc_row][vc_row][vc_column][vc_toggle title=&#8221;QUANTO DOVREBBE ESSERE PRESTO NEL PORTO QUANDO VIAGGIO?&#8221;]<span id=\"result_box\" class=\"\" lang=\"it\"><span class=\"\">L&#8217;imbarco inizia 2 ore prima della partenza del percorso.<\/span> <span class=\"\">Ti consigliamo di attendere almeno 1 ora in anticipo.<\/span><\/span><\/p>\n<div class=\"FaqContent\"><\/div>\n<p>[\/vc_toggle][\/vc_column][\/vc_row][vc_row][vc_column][vc_toggle title=&#8221;&#8221;][\/vc_toggle][\/vc_column][\/vc_row][vc_row][vc_column][vc_toggle title=&#8221;&#8221;][\/vc_toggle][\/vc_column][\/vc_row]<\/p>","protected":false},"excerpt":{"rendered":"<p>[vc_row][vc_column][vc_toggle title=&#8221;HO PRENOTATO E PAGATO ONLINE, MA NON HO RICEVUTO CONFERMA. COSA POSSO FARE?&#8221;]Se la prenotazione e il pagamento sono andati a buon fine, ti&#8230;<\/p>\n","protected":false},"author":8,"featured_media":0,"parent":0,"menu_order":20,"comment_status":"closed","ping_status":"closed","template":"","meta":{"footnotes":""},"class_list":["post-238","page","type-page","status-publish","hentry"],"yoast_head":"<!-- This site is optimized with the Yoast SEO plugin v24.4 - https:\/\/yoast.com\/wordpress\/plugins\/seo\/ -->\n<title>F.A.Q - Getickets Ferry Tickets<\/title>\n<meta name=\"robots\" content=\"index, follow, max-snippet:-1, max-image-preview:large, max-video-preview:-1\" \/>\n<link rel=\"canonical\" href=\"https:\/\/getickets.gr\/en\/faq\/\" \/>\n<meta property=\"og:locale\" content=\"it_IT\" \/>\n<meta property=\"og:type\" content=\"article\" \/>\n<meta property=\"og:title\" content=\"F.A.Q - Getickets Ferry Tickets\" \/>\n<meta property=\"og:description\" content=\"[vc_row][vc_column][vc_toggle title=&#8221;HO PRENOTATO E PAGATO ONLINE, MA NON HO RICEVUTO CONFERMA. COSA POSSO FARE?&#8221;]Se la prenotazione e il pagamento sono andati a buon fine, ti...\" \/>\n<meta property=\"og:url\" content=\"https:\/\/getickets.gr\/en\/faq\/\" \/>\n<meta property=\"og:site_name\" content=\"Getickets Ferry Tickets\" \/>\n<meta property=\"article:modified_time\" content=\"2018-02-24T20:54:23+00:00\" \/>\n<meta name=\"twitter:card\" content=\"summary_large_image\" \/>\n<meta name=\"twitter:label1\" content=\"Tempo di lettura stimato\" \/>\n\t<meta name=\"twitter:data1\" content=\"4 minutes\" \/>\n<script type=\"application\/ld+json\" class=\"yoast-schema-graph\">{\"@context\":\"https:\/\/schema.org\",\"@graph\":[{\"@type\":\"WebPage\",\"@id\":\"https:\/\/getickets.gr\/en\/faq\/\",\"url\":\"https:\/\/getickets.gr\/en\/faq\/\",\"name\":\"F.A.Q - Getickets Ferry Tickets\",\"isPartOf\":{\"@id\":\"https:\/\/getickets.gr\/el\/#website\"},\"datePublished\":\"2017-05-29T08:16:30+00:00\",\"dateModified\":\"2018-02-24T20:54:23+00:00\",\"breadcrumb\":{\"@id\":\"https:\/\/getickets.gr\/en\/faq\/#breadcrumb\"},\"inLanguage\":\"it-IT\",\"potentialAction\":[{\"@type\":\"ReadAction\",\"target\":[\"https:\/\/getickets.gr\/en\/faq\/\"]}]},{\"@type\":\"BreadcrumbList\",\"@id\":\"https:\/\/getickets.gr\/en\/faq\/#breadcrumb\",\"itemListElement\":[{\"@type\":\"ListItem\",\"position\":1,\"name\":\"\u0391\u03c1\u03c7\u03b9\u03ba\u03ae\",\"item\":\"https:\/\/getickets.gr\/el\/\"},{\"@type\":\"ListItem\",\"position\":2,\"name\":\"F.A.Q\"}]},{\"@type\":\"WebSite\",\"@id\":\"https:\/\/getickets.gr\/el\/#website\",\"url\":\"https:\/\/getickets.gr\/el\/\",\"name\":\"Getickets Ferry Tickets\",\"description\":\"Astakos Ithaki Kefalonia\",\"potentialAction\":[{\"@type\":\"SearchAction\",\"target\":{\"@type\":\"EntryPoint\",\"urlTemplate\":\"https:\/\/getickets.gr\/el\/?s={search_term_string}\"},\"query-input\":{\"@type\":\"PropertyValueSpecification\",\"valueRequired\":true,\"valueName\":\"search_term_string\"}}],\"inLanguage\":\"it-IT\"}]}<\/script>\n<!-- \/ Yoast SEO plugin. -->","yoast_head_json":{"title":"F.A.Q - Getickets Ferry Tickets","robots":{"index":"index","follow":"follow","max-snippet":"max-snippet:-1","max-image-preview":"max-image-preview:large","max-video-preview":"max-video-preview:-1"},"canonical":"https:\/\/getickets.gr\/en\/faq\/","og_locale":"it_IT","og_type":"article","og_title":"F.A.Q - Getickets Ferry Tickets","og_description":"[vc_row][vc_column][vc_toggle title=&#8221;HO PRENOTATO E PAGATO ONLINE, MA NON HO RICEVUTO CONFERMA. COSA POSSO FARE?&#8221;]Se la prenotazione e il pagamento sono andati a buon fine, ti...","og_url":"https:\/\/getickets.gr\/en\/faq\/","og_site_name":"Getickets Ferry Tickets","article_modified_time":"2018-02-24T20:54:23+00:00","twitter_card":"summary_large_image","twitter_misc":{"Tempo di lettura stimato":"4 minutes"},"schema":{"@context":"https:\/\/schema.org","@graph":[{"@type":"WebPage","@id":"https:\/\/getickets.gr\/en\/faq\/","url":"https:\/\/getickets.gr\/en\/faq\/","name":"F.A.Q - Getickets Ferry Tickets","isPartOf":{"@id":"https:\/\/getickets.gr\/el\/#website"},"datePublished":"2017-05-29T08:16:30+00:00","dateModified":"2018-02-24T20:54:23+00:00","breadcrumb":{"@id":"https:\/\/getickets.gr\/en\/faq\/#breadcrumb"},"inLanguage":"it-IT","potentialAction":[{"@type":"ReadAction","target":["https:\/\/getickets.gr\/en\/faq\/"]}]},{"@type":"BreadcrumbList","@id":"https:\/\/getickets.gr\/en\/faq\/#breadcrumb","itemListElement":[{"@type":"ListItem","position":1,"name":"\u0391\u03c1\u03c7\u03b9\u03ba\u03ae","item":"https:\/\/getickets.gr\/el\/"},{"@type":"ListItem","position":2,"name":"F.A.Q"}]},{"@type":"WebSite","@id":"https:\/\/getickets.gr\/el\/#website","url":"https:\/\/getickets.gr\/el\/","name":"Getickets Ferry Tickets","description":"Astakos Ithaki Kefalonia","potentialAction":[{"@type":"SearchAction","target":{"@type":"EntryPoint","urlTemplate":"https:\/\/getickets.gr\/el\/?s={search_term_string}"},"query-input":{"@type":"PropertyValueSpecification","valueRequired":true,"valueName":"search_term_string"}}],"inLanguage":"it-IT"}]}},"_links":{"self":[{"href":"https:\/\/getickets.gr\/it\/wp-json\/wp\/v2\/pages\/238","targetHints":{"allow":["GET"]}}],"collection":[{"href":"https:\/\/getickets.gr\/it\/wp-json\/wp\/v2\/pages"}],"about":[{"href":"https:\/\/getickets.gr\/it\/wp-json\/wp\/v2\/types\/page"}],"author":[{"embeddable":true,"href":"https:\/\/getickets.gr\/it\/wp-json\/wp\/v2\/users\/8"}],"replies":[{"embeddable":true,"href":"https:\/\/getickets.gr\/it\/wp-json\/wp\/v2\/comments?post=238"}],"version-history":[{"count":5,"href":"https:\/\/getickets.gr\/it\/wp-json\/wp\/v2\/pages\/238\/revisions"}],"predecessor-version":[{"id":388,"href":"https:\/\/getickets.gr\/it\/wp-json\/wp\/v2\/pages\/238\/revisions\/388"}],"wp:attachment":[{"href":"https:\/\/getickets.gr\/it\/wp-json\/wp\/v2\/media?parent=238"}],"curies":[{"name":"wp","href":"https:\/\/api.w.org\/{rel}","templated":true}]}}