{"id":213,"date":"2017-05-29T08:18:43","date_gmt":"2017-05-29T06:18:43","guid":{"rendered":"http:\/\/getickets.gr\/?page_id=213"},"modified":"2018-02-25T00:27:23","modified_gmt":"2018-02-24T22:27:23","slug":"services","status":"publish","type":"page","link":"https:\/\/getickets.gr\/it\/services\/","title":{"rendered":"Servizi"},"content":{"rendered":"<p>[vc_row][vc_column][vc_column_text]La nostra esperienza e la fornitura di servizi di alta qualit\u00e0 ci hanno reso uno degli uffici pi\u00f9 affidabili. Una delle nostre attivit\u00e0 principali \u00e8 il servizio del collegamento via traghetto tra Astakos-Cefalonia-Itaca. &#8220;Ionion Shipping Agency&#8221; \u00e8 un&#8217;agenzia centrale della compagnia &#8220;IONION P. Lines&#8221; e un buon partner del &#8220;Ionian Group&#8221;. Il numero di persone e aziende che scelgono di lavorare con noi \u00e8 in costante crescita nel corso degli anni. Il nostro principale obiettivo e ricerca \u00e8 fornire un servizio di alto livello ai nostri clienti, che sono al centro della nostra attivit\u00e0. La nostra strategia \u00e8 l&#8217;espansione razionale delle nostre attivit\u00e0 per poter fornire servizi sempre pi\u00f9 completi.<\/p>\n<p><span id=\"result_box\" class=\"\" lang=\"it\" tabindex=\"-1\">La nostra azienda offre servizi affidabili sia nel settore turistico che in quello aziendale.<br \/>\nIndicativamente, i seguenti servizi sono menzionati:<br \/>\n\u2022 Biglietti dei traghetti per le rotte Astakos-Ithaca (Piso Aetos \/ Vathi), Astakos-Kefalonia (Sami), Sami-Piso Aetos, Itaca-Lefkada, Cefalonia-Lefkada (&#8220;Ionion P. Lines&#8221;)<br \/>\n<span class=\"\">\u2022 Biglietti dei traghetti per i percorsi Killini-Poros Kefallinias, Killini-Zakynthos (&#8220;Ionian Group&#8221;)<\/span><br \/>\n<span class=\"\">\u2022 Carico, forniture, ecc<\/span><\/span><\/p>\n<p><span id=\"result_box\" class=\"\" lang=\"it\" tabindex=\"-1\"><br \/>\n<span class=\"\">Per ulteriori informazioni, si prega di contattarci.<\/span><\/span>[\/vc_column_text][\/vc_column][\/vc_row]<\/p>","protected":false},"excerpt":{"rendered":"<p>[vc_row][vc_column][vc_column_text]La nostra esperienza e la fornitura di servizi di alta qualit\u00e0 ci hanno reso uno degli uffici pi\u00f9 affidabili. Una delle nostre attivit\u00e0 principali \u00e8&#8230;<\/p>\n","protected":false},"author":8,"featured_media":0,"parent":0,"menu_order":3,"comment_status":"closed","ping_status":"closed","template":"","meta":{"footnotes":""},"class_list":["post-213","page","type-page","status-publish","hentry"],"yoast_head":"<!-- This site is optimized with the Yoast SEO plugin v24.4 - https:\/\/yoast.com\/wordpress\/plugins\/seo\/ -->\n<title>Servizi - Getickets Ferry Tickets<\/title>\n<meta name=\"robots\" content=\"index, follow, max-snippet:-1, max-image-preview:large, max-video-preview:-1\" \/>\n<link rel=\"canonical\" href=\"https:\/\/getickets.gr\/el\/services\/\" \/>\n<meta property=\"og:locale\" content=\"it_IT\" \/>\n<meta property=\"og:type\" content=\"article\" \/>\n<meta property=\"og:title\" content=\"Servizi - Getickets Ferry Tickets\" \/>\n<meta property=\"og:description\" content=\"[vc_row][vc_column][vc_column_text]La nostra esperienza e la fornitura di servizi di alta qualit\u00e0 ci hanno reso uno degli uffici pi\u00f9 affidabili. Una delle nostre attivit\u00e0 principali \u00e8...\" \/>\n<meta property=\"og:url\" content=\"https:\/\/getickets.gr\/el\/services\/\" \/>\n<meta property=\"og:site_name\" content=\"Getickets Ferry Tickets\" \/>\n<meta property=\"article:modified_time\" content=\"2018-02-24T22:27:23+00:00\" \/>\n<meta name=\"twitter:card\" content=\"summary_large_image\" \/>\n<meta name=\"twitter:label1\" content=\"Tempo di lettura stimato\" \/>\n\t<meta name=\"twitter:data1\" content=\"2 minutes\" \/>\n<script type=\"application\/ld+json\" class=\"yoast-schema-graph\">{\"@context\":\"https:\/\/schema.org\",\"@graph\":[{\"@type\":\"WebPage\",\"@id\":\"https:\/\/getickets.gr\/el\/services\/\",\"url\":\"https:\/\/getickets.gr\/el\/services\/\",\"name\":\"Servizi - Getickets Ferry Tickets\",\"isPartOf\":{\"@id\":\"https:\/\/getickets.gr\/el\/#website\"},\"datePublished\":\"2017-05-29T06:18:43+00:00\",\"dateModified\":\"2018-02-24T22:27:23+00:00\",\"breadcrumb\":{\"@id\":\"https:\/\/getickets.gr\/el\/services\/#breadcrumb\"},\"inLanguage\":\"it-IT\",\"potentialAction\":[{\"@type\":\"ReadAction\",\"target\":[\"https:\/\/getickets.gr\/el\/services\/\"]}]},{\"@type\":\"BreadcrumbList\",\"@id\":\"https:\/\/getickets.gr\/el\/services\/#breadcrumb\",\"itemListElement\":[{\"@type\":\"ListItem\",\"position\":1,\"name\":\"\u0391\u03c1\u03c7\u03b9\u03ba\u03ae\",\"item\":\"https:\/\/getickets.gr\/el\/\"},{\"@type\":\"ListItem\",\"position\":2,\"name\":\"\u03a5\u03c0\u03b7\u03c1\u03b5\u03c3\u03af\u03b5\u03c2\"}]},{\"@type\":\"WebSite\",\"@id\":\"https:\/\/getickets.gr\/el\/#website\",\"url\":\"https:\/\/getickets.gr\/el\/\",\"name\":\"Getickets Ferry Tickets\",\"description\":\"Astakos Ithaki Kefalonia\",\"potentialAction\":[{\"@type\":\"SearchAction\",\"target\":{\"@type\":\"EntryPoint\",\"urlTemplate\":\"https:\/\/getickets.gr\/el\/?s={search_term_string}\"},\"query-input\":{\"@type\":\"PropertyValueSpecification\",\"valueRequired\":true,\"valueName\":\"search_term_string\"}}],\"inLanguage\":\"it-IT\"}]}<\/script>\n<!-- \/ Yoast SEO plugin. -->","yoast_head_json":{"title":"Servizi - Getickets Ferry Tickets","robots":{"index":"index","follow":"follow","max-snippet":"max-snippet:-1","max-image-preview":"max-image-preview:large","max-video-preview":"max-video-preview:-1"},"canonical":"https:\/\/getickets.gr\/el\/services\/","og_locale":"it_IT","og_type":"article","og_title":"Servizi - Getickets Ferry Tickets","og_description":"[vc_row][vc_column][vc_column_text]La nostra esperienza e la fornitura di servizi di alta qualit\u00e0 ci hanno reso uno degli uffici pi\u00f9 affidabili. Una delle nostre attivit\u00e0 principali \u00e8...","og_url":"https:\/\/getickets.gr\/el\/services\/","og_site_name":"Getickets Ferry Tickets","article_modified_time":"2018-02-24T22:27:23+00:00","twitter_card":"summary_large_image","twitter_misc":{"Tempo di lettura stimato":"2 minutes"},"schema":{"@context":"https:\/\/schema.org","@graph":[{"@type":"WebPage","@id":"https:\/\/getickets.gr\/el\/services\/","url":"https:\/\/getickets.gr\/el\/services\/","name":"Servizi - Getickets Ferry Tickets","isPartOf":{"@id":"https:\/\/getickets.gr\/el\/#website"},"datePublished":"2017-05-29T06:18:43+00:00","dateModified":"2018-02-24T22:27:23+00:00","breadcrumb":{"@id":"https:\/\/getickets.gr\/el\/services\/#breadcrumb"},"inLanguage":"it-IT","potentialAction":[{"@type":"ReadAction","target":["https:\/\/getickets.gr\/el\/services\/"]}]},{"@type":"BreadcrumbList","@id":"https:\/\/getickets.gr\/el\/services\/#breadcrumb","itemListElement":[{"@type":"ListItem","position":1,"name":"\u0391\u03c1\u03c7\u03b9\u03ba\u03ae","item":"https:\/\/getickets.gr\/el\/"},{"@type":"ListItem","position":2,"name":"\u03a5\u03c0\u03b7\u03c1\u03b5\u03c3\u03af\u03b5\u03c2"}]},{"@type":"WebSite","@id":"https:\/\/getickets.gr\/el\/#website","url":"https:\/\/getickets.gr\/el\/","name":"Getickets Ferry Tickets","description":"Astakos Ithaki Kefalonia","potentialAction":[{"@type":"SearchAction","target":{"@type":"EntryPoint","urlTemplate":"https:\/\/getickets.gr\/el\/?s={search_term_string}"},"query-input":{"@type":"PropertyValueSpecification","valueRequired":true,"valueName":"search_term_string"}}],"inLanguage":"it-IT"}]}},"_links":{"self":[{"href":"https:\/\/getickets.gr\/it\/wp-json\/wp\/v2\/pages\/213","targetHints":{"allow":["GET"]}}],"collection":[{"href":"https:\/\/getickets.gr\/it\/wp-json\/wp\/v2\/pages"}],"about":[{"href":"https:\/\/getickets.gr\/it\/wp-json\/wp\/v2\/types\/page"}],"author":[{"embeddable":true,"href":"https:\/\/getickets.gr\/it\/wp-json\/wp\/v2\/users\/8"}],"replies":[{"embeddable":true,"href":"https:\/\/getickets.gr\/it\/wp-json\/wp\/v2\/comments?post=213"}],"version-history":[{"count":10,"href":"https:\/\/getickets.gr\/it\/wp-json\/wp\/v2\/pages\/213\/revisions"}],"predecessor-version":[{"id":401,"href":"https:\/\/getickets.gr\/it\/wp-json\/wp\/v2\/pages\/213\/revisions\/401"}],"wp:attachment":[{"href":"https:\/\/getickets.gr\/it\/wp-json\/wp\/v2\/media?parent=213"}],"curies":[{"name":"wp","href":"https:\/\/api.w.org\/{rel}","templated":true}]}}