{"id":195,"date":"2017-05-26T10:35:30","date_gmt":"2017-05-26T08:35:30","guid":{"rendered":"http:\/\/getickets.gr\/?page_id=195"},"modified":"2018-02-25T00:22:07","modified_gmt":"2018-02-24T22:22:07","slug":"lefkada","status":"publish","type":"page","link":"https:\/\/getickets.gr\/it\/lefkada\/","title":{"rendered":"Isole Ionie- Lefkada"},"content":{"rendered":"<p>[vc_row full_width=&#8221;stretch_row_content_no_spaces&#8221; bg_type=&#8221;bg_color&#8221; bg_override=&#8221;full&#8221; css=&#8221;.vc_custom_1496229748650{margin-top: -30px !important;margin-bottom: 0px !important;padding-top: 0px !important;padding-bottom: 0px !important;}&#8221; el_class=&#8221;offers-anim&#8221;][vc_column css=&#8221;.vc_custom_1496143577890{margin-top: 0px !important;margin-bottom: 0px !important;padding-top: 0px !important;padding-bottom: 0px !important;}&#8221;][rev_slider alias=&#8221;%ce%bb%ce%b5%cf%85%ce%ba%ce%b1%ce%b4%ce%b1&#8243;][\/vc_column][\/vc_row][vc_row bg_type=&#8221;bg_color&#8221; bg_override=&#8221;full&#8221; css=&#8221;.vc_custom_1496229770365{margin-top: -10px !important;margin-bottom: 0px !important;padding-top: 0px !important;padding-bottom: 0px !important;}&#8221; el_class=&#8221;offers-anim&#8221; bg_color_value=&#8221;#f7584d&#8221;][vc_column css=&#8221;.vc_custom_1496143577890{margin-top: 0px !important;margin-bottom: 0px !important;padding-top: 0px !important;padding-bottom: 0px !important;}&#8221;][vc_column_text css=&#8221;.vc_custom_1496143587781{margin-top: 0px !important;margin-bottom: 0px !important;padding-top: 0px !important;padding-bottom: 0px !important;}&#8221;][vc_row bg_type=\"bg_color\" bg_override=\"full\" css=\".vc_custom_1496143712762{margin-top: 0px !important;margin-bottom: 0px !important;padding-top: 0px !important;padding-bottom: 0px !important;}\" el_class=\"offers-anim\" bg_color_value=\"#f7584d\"][vc_column][vc_column_text]\r\n<div class=\"offers-carousel\">\r\n\r\n<div><span class=\"VIiyi\" lang=\"it\"><span class=\"JLqJ4b ChMk0b\" data-language-for-alternatives=\"it\" data-language-to-translate-into=\"en\" data-phrase-index=\"0\">Prenota il tuo<\/span><\/span> <span style=\"color: #ff0000;\"><a style=\"color: #ffffff;\" href=\"https:\/\/getickets.liknoss.com\" target=\"_blank\" rel=\"noopener\"><strong><span style=\"text-decoration: underline;\">e-biglietto qui<\/a><\/strong><\/span><\/span><\/div>\r\n\r\n<div><strong>Nuovi itinerari 2024 - 2025 <\/strong><\/div>\r\n\r\n<\/div>\r\n[\/vc_column_text][vc_raw_js]JTNDc2NyaXB0JTIwdHlwZSUzRCUyMnRleHQlMkZqYXZhc2NyaXB0JTIyJTNFJTBBalF1ZXJ5JTI4ZnVuY3Rpb24lMjglMjklN0IlMjAlMEFqUXVlcnklMjglMjcub2ZmZXJzLWNhcm91c2VsJTI3JTI5LnNsaWNrJTI4JTdCJTBBJTIwJTIwc2xpZGVzVG9TaG93JTNBJTIwMSUyQyUwQSUyMCUyMHNsaWRlc1RvU2Nyb2xsJTNBJTIwMSUyQyUwQSUyMCUyMGF1dG9wbGF5JTNBJTIwdHJ1ZSUyQyUwQSUyMCUyMGF1dG9wbGF5U3BlZWQlM0ElMjA0MDAwJTBBJTdEJTI5JTNCJTBBJTdEJTI5JTNCJTBBJTNDJTJGc2NyaXB0JTNF[\/vc_raw_js][\/vc_column][\/vc_row]<style type=\"text\/css\" data-type=\"vc_shortcodes-custom-css\">.vc_custom_1496143712762{margin-top: 0px !important;margin-bottom: 0px !important;padding-top: 0px !important;padding-bottom: 0px !important;}.vc_custom_1496143712762{margin-top: 0px !important;margin-bottom: 0px !important;padding-top: 0px !important;padding-bottom: 0px !important;}.vc_custom_1496143712762{margin-top: 0px !important;margin-bottom: 0px !important;padding-top: 0px !important;padding-bottom: 0px !important;}<\/style>[\/vc_column_text][\/vc_column][\/vc_row][vc_row][vc_column][vc_column_text]Lefkada o Lefkas insieme a Corf\u00f9, Cefalonia, Itaca, Zante, Paxos e Citera costituiscono le Isole Ionie. \u00c8 una bellissima isola ionica con alcune delle migliori spiagge del mondo, tra cui Porto Katsiki ed Egremni. Lefkada ha anche molte attrazioni e molti pittoreschi insediamenti, come Vasiliki e Nydri. Anche se \u00e8 un&#8217;isola, l&#8217;accesso ad esso \u00e8 fatto senza l&#8217;uso di una nave, quindi \u00e8 inondato dai turisti ogni estate, ed \u00e8 per questo che \u00e8 piu adatto per il viaggiatore energetico.<\/p>\n<p>Lefkada \u00e8 temporaneamente collegata a Nydri con Fiskardo di Cefalonia e Frikes a Itaca, principalmente durante i mesi estivi, con piccoli traghetti. La compagnia &#8220;Ionion P. Lines&#8221; svolge questi servizi durante i mesi estivi con il traghetto &#8220;Agios Gerasimos&#8221;. Il collegamento in traghetto di Vasiliki (Lefkada) con Cefalonia e Itaca \u00e8 stato sospeso a causa dei lavori nel porto di Vasiliki.[\/vc_column_text][\/vc_column][\/vc_row]<\/p>","protected":false},"excerpt":{"rendered":"<p>[vc_row full_width=&#8221;stretch_row_content_no_spaces&#8221; bg_type=&#8221;bg_color&#8221; bg_override=&#8221;full&#8221; css=&#8221;.vc_custom_1496229748650{margin-top: -30px !important;margin-bottom: 0px !important;padding-top: 0px !important;padding-bottom: 0px !important;}&#8221; el_class=&#8221;offers-anim&#8221;][vc_column css=&#8221;.vc_custom_1496143577890{margin-top: 0px !important;margin-bottom: 0px !important;padding-top: 0px !important;padding-bottom: 0px !important;}&#8221;][rev_slider alias=&#8221;%ce%bb%ce%b5%cf%85%ce%ba%ce%b1%ce%b4%ce%b1&#8243;][\/vc_column][\/vc_row][vc_row bg_type=&#8221;bg_color&#8221;&#8230;<\/p>\n","protected":false},"author":8,"featured_media":0,"parent":0,"menu_order":13,"comment_status":"closed","ping_status":"closed","template":"","meta":{"footnotes":""},"class_list":["post-195","page","type-page","status-publish","hentry"],"yoast_head":"<!-- This site is optimized with the Yoast SEO plugin v24.4 - https:\/\/yoast.com\/wordpress\/plugins\/seo\/ -->\n<title>Isole Ionie- Lefkada - Getickets Ferry Tickets<\/title>\n<meta name=\"robots\" content=\"index, follow, max-snippet:-1, max-image-preview:large, max-video-preview:-1\" \/>\n<link rel=\"canonical\" href=\"https:\/\/getickets.gr\/en\/lefkada\/\" \/>\n<meta property=\"og:locale\" content=\"it_IT\" \/>\n<meta property=\"og:type\" content=\"article\" \/>\n<meta property=\"og:title\" content=\"Isole Ionie- Lefkada - Getickets Ferry Tickets\" \/>\n<meta property=\"og:description\" content=\"[vc_row full_width=&#8221;stretch_row_content_no_spaces&#8221; bg_type=&#8221;bg_color&#8221; bg_override=&#8221;full&#8221; css=&#8221;.vc_custom_1496229748650{margin-top: -30px !important;margin-bottom: 0px !important;padding-top: 0px !important;padding-bottom: 0px !important;}&#8221; el_class=&#8221;offers-anim&#8221;][vc_column css=&#8221;.vc_custom_1496143577890{margin-top: 0px !important;margin-bottom: 0px !important;padding-top: 0px !important;padding-bottom: 0px !important;}&#8221;][rev_slider alias=&#8221;%ce%bb%ce%b5%cf%85%ce%ba%ce%b1%ce%b4%ce%b1&#8243;][\/vc_column][\/vc_row][vc_row bg_type=&#8221;bg_color&#8221;...\" \/>\n<meta property=\"og:url\" content=\"https:\/\/getickets.gr\/en\/lefkada\/\" \/>\n<meta property=\"og:site_name\" content=\"Getickets Ferry Tickets\" \/>\n<meta property=\"article:modified_time\" content=\"2018-02-24T22:22:07+00:00\" \/>\n<meta name=\"twitter:card\" content=\"summary_large_image\" \/>\n<meta name=\"twitter:label1\" content=\"Tempo di lettura stimato\" \/>\n\t<meta name=\"twitter:data1\" content=\"4 minutes\" \/>\n<script type=\"application\/ld+json\" class=\"yoast-schema-graph\">{\"@context\":\"https:\/\/schema.org\",\"@graph\":[{\"@type\":\"WebPage\",\"@id\":\"https:\/\/getickets.gr\/en\/lefkada\/\",\"url\":\"https:\/\/getickets.gr\/en\/lefkada\/\",\"name\":\"Isole Ionie- Lefkada - Getickets Ferry Tickets\",\"isPartOf\":{\"@id\":\"https:\/\/getickets.gr\/el\/#website\"},\"datePublished\":\"2017-05-26T08:35:30+00:00\",\"dateModified\":\"2018-02-24T22:22:07+00:00\",\"breadcrumb\":{\"@id\":\"https:\/\/getickets.gr\/en\/lefkada\/#breadcrumb\"},\"inLanguage\":\"it-IT\",\"potentialAction\":[{\"@type\":\"ReadAction\",\"target\":[\"https:\/\/getickets.gr\/en\/lefkada\/\"]}]},{\"@type\":\"BreadcrumbList\",\"@id\":\"https:\/\/getickets.gr\/en\/lefkada\/#breadcrumb\",\"itemListElement\":[{\"@type\":\"ListItem\",\"position\":1,\"name\":\"\u0391\u03c1\u03c7\u03b9\u03ba\u03ae\",\"item\":\"https:\/\/getickets.gr\/el\/\"},{\"@type\":\"ListItem\",\"position\":2,\"name\":\"Ionian Sea Islands &#8211; Lefkada\"}]},{\"@type\":\"WebSite\",\"@id\":\"https:\/\/getickets.gr\/el\/#website\",\"url\":\"https:\/\/getickets.gr\/el\/\",\"name\":\"Getickets Ferry Tickets\",\"description\":\"Astakos Ithaki Kefalonia\",\"potentialAction\":[{\"@type\":\"SearchAction\",\"target\":{\"@type\":\"EntryPoint\",\"urlTemplate\":\"https:\/\/getickets.gr\/el\/?s={search_term_string}\"},\"query-input\":{\"@type\":\"PropertyValueSpecification\",\"valueRequired\":true,\"valueName\":\"search_term_string\"}}],\"inLanguage\":\"it-IT\"}]}<\/script>\n<!-- \/ Yoast SEO plugin. -->","yoast_head_json":{"title":"Isole Ionie- Lefkada - Getickets Ferry Tickets","robots":{"index":"index","follow":"follow","max-snippet":"max-snippet:-1","max-image-preview":"max-image-preview:large","max-video-preview":"max-video-preview:-1"},"canonical":"https:\/\/getickets.gr\/en\/lefkada\/","og_locale":"it_IT","og_type":"article","og_title":"Isole Ionie- Lefkada - Getickets Ferry Tickets","og_description":"[vc_row full_width=&#8221;stretch_row_content_no_spaces&#8221; bg_type=&#8221;bg_color&#8221; bg_override=&#8221;full&#8221; css=&#8221;.vc_custom_1496229748650{margin-top: -30px !important;margin-bottom: 0px !important;padding-top: 0px !important;padding-bottom: 0px !important;}&#8221; el_class=&#8221;offers-anim&#8221;][vc_column css=&#8221;.vc_custom_1496143577890{margin-top: 0px !important;margin-bottom: 0px !important;padding-top: 0px !important;padding-bottom: 0px !important;}&#8221;][rev_slider alias=&#8221;%ce%bb%ce%b5%cf%85%ce%ba%ce%b1%ce%b4%ce%b1&#8243;][\/vc_column][\/vc_row][vc_row bg_type=&#8221;bg_color&#8221;...","og_url":"https:\/\/getickets.gr\/en\/lefkada\/","og_site_name":"Getickets Ferry Tickets","article_modified_time":"2018-02-24T22:22:07+00:00","twitter_card":"summary_large_image","twitter_misc":{"Tempo di lettura stimato":"4 minutes"},"schema":{"@context":"https:\/\/schema.org","@graph":[{"@type":"WebPage","@id":"https:\/\/getickets.gr\/en\/lefkada\/","url":"https:\/\/getickets.gr\/en\/lefkada\/","name":"Isole Ionie- Lefkada - Getickets Ferry Tickets","isPartOf":{"@id":"https:\/\/getickets.gr\/el\/#website"},"datePublished":"2017-05-26T08:35:30+00:00","dateModified":"2018-02-24T22:22:07+00:00","breadcrumb":{"@id":"https:\/\/getickets.gr\/en\/lefkada\/#breadcrumb"},"inLanguage":"it-IT","potentialAction":[{"@type":"ReadAction","target":["https:\/\/getickets.gr\/en\/lefkada\/"]}]},{"@type":"BreadcrumbList","@id":"https:\/\/getickets.gr\/en\/lefkada\/#breadcrumb","itemListElement":[{"@type":"ListItem","position":1,"name":"\u0391\u03c1\u03c7\u03b9\u03ba\u03ae","item":"https:\/\/getickets.gr\/el\/"},{"@type":"ListItem","position":2,"name":"Ionian Sea Islands &#8211; Lefkada"}]},{"@type":"WebSite","@id":"https:\/\/getickets.gr\/el\/#website","url":"https:\/\/getickets.gr\/el\/","name":"Getickets Ferry Tickets","description":"Astakos Ithaki Kefalonia","potentialAction":[{"@type":"SearchAction","target":{"@type":"EntryPoint","urlTemplate":"https:\/\/getickets.gr\/el\/?s={search_term_string}"},"query-input":{"@type":"PropertyValueSpecification","valueRequired":true,"valueName":"search_term_string"}}],"inLanguage":"it-IT"}]}},"_links":{"self":[{"href":"https:\/\/getickets.gr\/it\/wp-json\/wp\/v2\/pages\/195","targetHints":{"allow":["GET"]}}],"collection":[{"href":"https:\/\/getickets.gr\/it\/wp-json\/wp\/v2\/pages"}],"about":[{"href":"https:\/\/getickets.gr\/it\/wp-json\/wp\/v2\/types\/page"}],"author":[{"embeddable":true,"href":"https:\/\/getickets.gr\/it\/wp-json\/wp\/v2\/users\/8"}],"replies":[{"embeddable":true,"href":"https:\/\/getickets.gr\/it\/wp-json\/wp\/v2\/comments?post=195"}],"version-history":[{"count":7,"href":"https:\/\/getickets.gr\/it\/wp-json\/wp\/v2\/pages\/195\/revisions"}],"predecessor-version":[{"id":399,"href":"https:\/\/getickets.gr\/it\/wp-json\/wp\/v2\/pages\/195\/revisions\/399"}],"wp:attachment":[{"href":"https:\/\/getickets.gr\/it\/wp-json\/wp\/v2\/media?parent=195"}],"curies":[{"name":"wp","href":"https:\/\/api.w.org\/{rel}","templated":true}]}}