{"id":188,"date":"2017-05-26T10:30:38","date_gmt":"2017-05-26T08:30:38","guid":{"rendered":"http:\/\/getickets.gr\/?page_id=188"},"modified":"2018-02-24T22:06:43","modified_gmt":"2018-02-24T20:06:43","slug":"kefalonia","status":"publish","type":"page","link":"https:\/\/getickets.gr\/it\/kefalonia\/","title":{"rendered":"Isole Ionie-Cefalonia"},"content":{"rendered":"<p>[vc_row full_width=&#8221;stretch_row_content_no_spaces&#8221; bg_type=&#8221;bg_color&#8221; bg_override=&#8221;full&#8221; css=&#8221;.vc_custom_1496229291817{margin-top: -30px !important;margin-bottom: 0px !important;padding-top: 0px !important;padding-bottom: 0px !important;}&#8221; el_class=&#8221;offers-anim&#8221;][vc_column css=&#8221;.vc_custom_1496143577890{margin-top: 0px !important;margin-bottom: 0px !important;padding-top: 0px !important;padding-bottom: 0px !important;}&#8221;][rev_slider alias=&#8221;%ce%ba%ce%b5%cf%86%ce%b1%ce%bb%ce%bf%ce%bd%ce%b9%ce%b1&#8243;][\/vc_column][\/vc_row][vc_row bg_type=&#8221;bg_color&#8221; bg_override=&#8221;full&#8221; css=&#8221;.vc_custom_1496229202978{margin-top: -10px !important;margin-bottom: 0px !important;padding-top: 0px !important;padding-bottom: 0px !important;}&#8221; el_class=&#8221;offers-anim&#8221; bg_color_value=&#8221;#f7584d&#8221;][vc_column css=&#8221;.vc_custom_1496143577890{margin-top: 0px !important;margin-bottom: 0px !important;padding-top: 0px !important;padding-bottom: 0px !important;}&#8221;][vc_column_text css=&#8221;.vc_custom_1496143587781{margin-top: 0px !important;margin-bottom: 0px !important;padding-top: 0px !important;padding-bottom: 0px !important;}&#8221;][vc_row bg_type=\"bg_color\" bg_override=\"full\" css=\".vc_custom_1496143712762{margin-top: 0px !important;margin-bottom: 0px !important;padding-top: 0px !important;padding-bottom: 0px !important;}\" el_class=\"offers-anim\" bg_color_value=\"#f7584d\"][vc_column][vc_column_text]\r\n<div class=\"offers-carousel\">\r\n\r\n<div><span class=\"VIiyi\" lang=\"it\"><span class=\"JLqJ4b ChMk0b\" data-language-for-alternatives=\"it\" data-language-to-translate-into=\"en\" data-phrase-index=\"0\">Prenota il tuo<\/span><\/span> <span style=\"color: #ff0000;\"><a style=\"color: #ffffff;\" href=\"https:\/\/getickets.liknoss.com\" target=\"_blank\" rel=\"noopener\"><strong><span style=\"text-decoration: underline;\">e-biglietto qui<\/a><\/strong><\/span><\/span><\/div>\r\n\r\n<div><strong>Nuovi itinerari 2024 - 2025 <\/strong><\/div>\r\n\r\n<\/div>\r\n[\/vc_column_text][vc_raw_js]JTNDc2NyaXB0JTIwdHlwZSUzRCUyMnRleHQlMkZqYXZhc2NyaXB0JTIyJTNFJTBBalF1ZXJ5JTI4ZnVuY3Rpb24lMjglMjklN0IlMjAlMEFqUXVlcnklMjglMjcub2ZmZXJzLWNhcm91c2VsJTI3JTI5LnNsaWNrJTI4JTdCJTBBJTIwJTIwc2xpZGVzVG9TaG93JTNBJTIwMSUyQyUwQSUyMCUyMHNsaWRlc1RvU2Nyb2xsJTNBJTIwMSUyQyUwQSUyMCUyMGF1dG9wbGF5JTNBJTIwdHJ1ZSUyQyUwQSUyMCUyMGF1dG9wbGF5U3BlZWQlM0ElMjA0MDAwJTBBJTdEJTI5JTNCJTBBJTdEJTI5JTNCJTBBJTNDJTJGc2NyaXB0JTNF[\/vc_raw_js][\/vc_column][\/vc_row]<style type=\"text\/css\" data-type=\"vc_shortcodes-custom-css\">.vc_custom_1496143712762{margin-top: 0px !important;margin-bottom: 0px !important;padding-top: 0px !important;padding-bottom: 0px !important;}.vc_custom_1496143712762{margin-top: 0px !important;margin-bottom: 0px !important;padding-top: 0px !important;padding-bottom: 0px !important;}.vc_custom_1496143712762{margin-top: 0px !important;margin-bottom: 0px !important;padding-top: 0px !important;padding-bottom: 0px !important;}<\/style>[\/vc_column_text][\/vc_column][\/vc_row][vc_row][vc_column][vc_column_text]Cefalonia (Cephalonia, Kefalonia) oppure appartiene alle Isole Ionie ed \u00e8 una delle pi\u00f9 belle isole del Mar Ionio. Si trova a sud di Lefkada, a nord di Zante ea ovest di Itaca. La capitale \u00e8 Argostoli, ma ha molti porti e villaggi pittoreschi come Lixouri e Fiscardo. \u00c8 una destinazione popolare con molti luoghi e spiagge, come Myrtos, che sono tra i migliori al mondo.<\/p>\n<p>Una delle pi\u00f9 belle citt\u00e0 dell&#8217;isola \u00e8 il Sami, che \u00e8 molto vicino a Argostoli ed \u00e8 collegato ad esso con una buona rete stradale. Sami \u00e8 l&#8217;ideale per escursioni e turismo, in quanto \u00e8 molto pittoresco, ha molti negozi ed a breve distanza sono le principali attrazioni dell&#8217;isola. In particolare, in meno di 10 minuti si trova la grotta di Melissani e Drogarati Cave, dove i visitatori possono godere di un bel giro in barca o ammirare la grotta di stalattiti. A est \u00e8 la bellissima spiaggia con acque cristalline Antisamos, dove si pu\u00f2 riposare o godere di un po &#8216;di surf. Sami \u00e8 anche uno dei porti pi\u00f9 vicini per coloro che desiderano visitare il monastero di Agios Gerasimos, dove sono le reliquie del santo.<\/p>\n<p>Dalle principali collegamenti in traghetto di Cefalonia, \u00e8 il collegamento con il Sami Astakos quotidianamente con traghetti &#8220;Ionio Pelagos&#8221; e &#8220;Itaca Diamond&#8221; Societ\u00e0 &#8220;Ionion P. Lines&#8221;, e la connessione (Cefalonia) Poros porto Kyllini con la nave consorzio &#8220;Ionian Group&#8221;, mentre la nave &#8220;Fior di Levante&#8221; e la nave &#8220;Andreas Kalvos&#8221;. Soprattutto durante i mesi estivi in cui Kefalonia e collegata con le altre isole Ionio regolarmente (almeno 2-3 volte al giorno) e molti viaggiatori scelgono di combinare le vacanze visitare luoghi diversi, e per questo motivo alcune persone scelgono di passare attraverso Cefalonia in Itaca o Zante.[\/vc_column_text][\/vc_column][\/vc_row]<\/p>","protected":false},"excerpt":{"rendered":"<p>[vc_row full_width=&#8221;stretch_row_content_no_spaces&#8221; bg_type=&#8221;bg_color&#8221; bg_override=&#8221;full&#8221; css=&#8221;.vc_custom_1496229291817{margin-top: -30px !important;margin-bottom: 0px !important;padding-top: 0px !important;padding-bottom: 0px !important;}&#8221; el_class=&#8221;offers-anim&#8221;][vc_column css=&#8221;.vc_custom_1496143577890{margin-top: 0px !important;margin-bottom: 0px !important;padding-top: 0px !important;padding-bottom: 0px !important;}&#8221;][rev_slider alias=&#8221;%ce%ba%ce%b5%cf%86%ce%b1%ce%bb%ce%bf%ce%bd%ce%b9%ce%b1&#8243;][\/vc_column][\/vc_row][vc_row bg_type=&#8221;bg_color&#8221;&#8230;<\/p>\n","protected":false},"author":8,"featured_media":0,"parent":0,"menu_order":12,"comment_status":"closed","ping_status":"closed","template":"","meta":{"footnotes":""},"class_list":["post-188","page","type-page","status-publish","hentry"],"yoast_head":"<!-- This site is optimized with the Yoast SEO plugin v24.4 - https:\/\/yoast.com\/wordpress\/plugins\/seo\/ -->\n<title>Isole Ionie-Cefalonia - Getickets Ferry Tickets<\/title>\n<meta name=\"robots\" content=\"index, follow, max-snippet:-1, max-image-preview:large, max-video-preview:-1\" \/>\n<link rel=\"canonical\" href=\"https:\/\/getickets.gr\/el\/kefalonia\/\" \/>\n<meta property=\"og:locale\" content=\"it_IT\" \/>\n<meta property=\"og:type\" content=\"article\" \/>\n<meta property=\"og:title\" content=\"Isole Ionie-Cefalonia - Getickets Ferry Tickets\" \/>\n<meta property=\"og:description\" content=\"[vc_row full_width=&#8221;stretch_row_content_no_spaces&#8221; bg_type=&#8221;bg_color&#8221; bg_override=&#8221;full&#8221; css=&#8221;.vc_custom_1496229291817{margin-top: -30px !important;margin-bottom: 0px !important;padding-top: 0px !important;padding-bottom: 0px !important;}&#8221; el_class=&#8221;offers-anim&#8221;][vc_column css=&#8221;.vc_custom_1496143577890{margin-top: 0px !important;margin-bottom: 0px !important;padding-top: 0px !important;padding-bottom: 0px !important;}&#8221;][rev_slider alias=&#8221;%ce%ba%ce%b5%cf%86%ce%b1%ce%bb%ce%bf%ce%bd%ce%b9%ce%b1&#8243;][\/vc_column][\/vc_row][vc_row bg_type=&#8221;bg_color&#8221;...\" \/>\n<meta property=\"og:url\" content=\"https:\/\/getickets.gr\/el\/kefalonia\/\" \/>\n<meta property=\"og:site_name\" content=\"Getickets Ferry Tickets\" \/>\n<meta property=\"article:modified_time\" content=\"2018-02-24T20:06:43+00:00\" \/>\n<meta name=\"twitter:card\" content=\"summary_large_image\" \/>\n<meta name=\"twitter:label1\" content=\"Tempo di lettura stimato\" \/>\n\t<meta name=\"twitter:data1\" content=\"6 minutes\" \/>\n<script type=\"application\/ld+json\" class=\"yoast-schema-graph\">{\"@context\":\"https:\/\/schema.org\",\"@graph\":[{\"@type\":\"WebPage\",\"@id\":\"https:\/\/getickets.gr\/el\/kefalonia\/\",\"url\":\"https:\/\/getickets.gr\/el\/kefalonia\/\",\"name\":\"Isole Ionie-Cefalonia - Getickets Ferry Tickets\",\"isPartOf\":{\"@id\":\"https:\/\/getickets.gr\/el\/#website\"},\"datePublished\":\"2017-05-26T08:30:38+00:00\",\"dateModified\":\"2018-02-24T20:06:43+00:00\",\"breadcrumb\":{\"@id\":\"https:\/\/getickets.gr\/el\/kefalonia\/#breadcrumb\"},\"inLanguage\":\"it-IT\",\"potentialAction\":[{\"@type\":\"ReadAction\",\"target\":[\"https:\/\/getickets.gr\/el\/kefalonia\/\"]}]},{\"@type\":\"BreadcrumbList\",\"@id\":\"https:\/\/getickets.gr\/el\/kefalonia\/#breadcrumb\",\"itemListElement\":[{\"@type\":\"ListItem\",\"position\":1,\"name\":\"\u0391\u03c1\u03c7\u03b9\u03ba\u03ae\",\"item\":\"https:\/\/getickets.gr\/el\/\"},{\"@type\":\"ListItem\",\"position\":2,\"name\":\"\u039d\u03b7\u03c3\u03b9\u03ac \u0399\u03bf\u03bd\u03af\u03bf\u03c5 \u03a0\u03b5\u03bb\u03ac\u03b3\u03bf\u03c5\u03c2-\u039a\u03b5\u03c6\u03b1\u03bb\u03bf\u03bd\u03b9\u03ac\"}]},{\"@type\":\"WebSite\",\"@id\":\"https:\/\/getickets.gr\/el\/#website\",\"url\":\"https:\/\/getickets.gr\/el\/\",\"name\":\"Getickets Ferry Tickets\",\"description\":\"Astakos Ithaki Kefalonia\",\"potentialAction\":[{\"@type\":\"SearchAction\",\"target\":{\"@type\":\"EntryPoint\",\"urlTemplate\":\"https:\/\/getickets.gr\/el\/?s={search_term_string}\"},\"query-input\":{\"@type\":\"PropertyValueSpecification\",\"valueRequired\":true,\"valueName\":\"search_term_string\"}}],\"inLanguage\":\"it-IT\"}]}<\/script>\n<!-- \/ Yoast SEO plugin. -->","yoast_head_json":{"title":"Isole Ionie-Cefalonia - Getickets Ferry Tickets","robots":{"index":"index","follow":"follow","max-snippet":"max-snippet:-1","max-image-preview":"max-image-preview:large","max-video-preview":"max-video-preview:-1"},"canonical":"https:\/\/getickets.gr\/el\/kefalonia\/","og_locale":"it_IT","og_type":"article","og_title":"Isole Ionie-Cefalonia - Getickets Ferry Tickets","og_description":"[vc_row full_width=&#8221;stretch_row_content_no_spaces&#8221; bg_type=&#8221;bg_color&#8221; bg_override=&#8221;full&#8221; css=&#8221;.vc_custom_1496229291817{margin-top: -30px !important;margin-bottom: 0px !important;padding-top: 0px !important;padding-bottom: 0px !important;}&#8221; el_class=&#8221;offers-anim&#8221;][vc_column css=&#8221;.vc_custom_1496143577890{margin-top: 0px !important;margin-bottom: 0px !important;padding-top: 0px !important;padding-bottom: 0px !important;}&#8221;][rev_slider alias=&#8221;%ce%ba%ce%b5%cf%86%ce%b1%ce%bb%ce%bf%ce%bd%ce%b9%ce%b1&#8243;][\/vc_column][\/vc_row][vc_row bg_type=&#8221;bg_color&#8221;...","og_url":"https:\/\/getickets.gr\/el\/kefalonia\/","og_site_name":"Getickets Ferry Tickets","article_modified_time":"2018-02-24T20:06:43+00:00","twitter_card":"summary_large_image","twitter_misc":{"Tempo di lettura stimato":"6 minutes"},"schema":{"@context":"https:\/\/schema.org","@graph":[{"@type":"WebPage","@id":"https:\/\/getickets.gr\/el\/kefalonia\/","url":"https:\/\/getickets.gr\/el\/kefalonia\/","name":"Isole Ionie-Cefalonia - Getickets Ferry Tickets","isPartOf":{"@id":"https:\/\/getickets.gr\/el\/#website"},"datePublished":"2017-05-26T08:30:38+00:00","dateModified":"2018-02-24T20:06:43+00:00","breadcrumb":{"@id":"https:\/\/getickets.gr\/el\/kefalonia\/#breadcrumb"},"inLanguage":"it-IT","potentialAction":[{"@type":"ReadAction","target":["https:\/\/getickets.gr\/el\/kefalonia\/"]}]},{"@type":"BreadcrumbList","@id":"https:\/\/getickets.gr\/el\/kefalonia\/#breadcrumb","itemListElement":[{"@type":"ListItem","position":1,"name":"\u0391\u03c1\u03c7\u03b9\u03ba\u03ae","item":"https:\/\/getickets.gr\/el\/"},{"@type":"ListItem","position":2,"name":"\u039d\u03b7\u03c3\u03b9\u03ac \u0399\u03bf\u03bd\u03af\u03bf\u03c5 \u03a0\u03b5\u03bb\u03ac\u03b3\u03bf\u03c5\u03c2-\u039a\u03b5\u03c6\u03b1\u03bb\u03bf\u03bd\u03b9\u03ac"}]},{"@type":"WebSite","@id":"https:\/\/getickets.gr\/el\/#website","url":"https:\/\/getickets.gr\/el\/","name":"Getickets Ferry Tickets","description":"Astakos Ithaki Kefalonia","potentialAction":[{"@type":"SearchAction","target":{"@type":"EntryPoint","urlTemplate":"https:\/\/getickets.gr\/el\/?s={search_term_string}"},"query-input":{"@type":"PropertyValueSpecification","valueRequired":true,"valueName":"search_term_string"}}],"inLanguage":"it-IT"}]}},"_links":{"self":[{"href":"https:\/\/getickets.gr\/it\/wp-json\/wp\/v2\/pages\/188","targetHints":{"allow":["GET"]}}],"collection":[{"href":"https:\/\/getickets.gr\/it\/wp-json\/wp\/v2\/pages"}],"about":[{"href":"https:\/\/getickets.gr\/it\/wp-json\/wp\/v2\/types\/page"}],"author":[{"embeddable":true,"href":"https:\/\/getickets.gr\/it\/wp-json\/wp\/v2\/users\/8"}],"replies":[{"embeddable":true,"href":"https:\/\/getickets.gr\/it\/wp-json\/wp\/v2\/comments?post=188"}],"version-history":[{"count":12,"href":"https:\/\/getickets.gr\/it\/wp-json\/wp\/v2\/pages\/188\/revisions"}],"predecessor-version":[{"id":379,"href":"https:\/\/getickets.gr\/it\/wp-json\/wp\/v2\/pages\/188\/revisions\/379"}],"wp:attachment":[{"href":"https:\/\/getickets.gr\/it\/wp-json\/wp\/v2\/media?parent=188"}],"curies":[{"name":"wp","href":"https:\/\/api.w.org\/{rel}","templated":true}]}}