{"id":166,"date":"2017-04-28T14:21:18","date_gmt":"2017-04-28T12:21:18","guid":{"rendered":"http:\/\/getickets.gr\/?page_id=166"},"modified":"2018-02-24T23:08:49","modified_gmt":"2018-02-24T21:08:49","slug":"our-company","status":"publish","type":"page","link":"https:\/\/getickets.gr\/it\/our-company\/","title":{"rendered":"La compagnia"},"content":{"rendered":"<p>[vc_row css=&#8221;.vc_custom_1492595200451{margin-top: 30px !important;}&#8221;][vc_column][vc_column_text]La nostra esperienza e la fornitura di servizi di alta qualit\u00e0 ci hanno reso uno degli uffici pi\u00f9 affidabili. Una delle nostre attivit\u00e0 principali \u00e8 il servizio del collegamento via traghetto tra Astakos-Cefalonia-Itaca. &#8220;Ionion Shipping Agency&#8221; \u00e8 un&#8217;agenzia centrale della compagnia &#8220;IONION P. Lines&#8221; e un buon partner del &#8220;Ionian Group&#8221;. Il numero di persone e aziende che scelgono di lavorare con noi \u00e8 in costante crescita nel corso degli anni. Il nostro principale obiettivo e ricerca \u00e8 fornire un servizio di alto livello ai nostri clienti, che sono al centro della nostra attivit\u00e0. La nostra strategia \u00e8 l&#8217;espansione razionale delle nostre attivit\u00e0 per poter fornire servizi sempre pi\u00f9 completi.[\/vc_column_text][\/vc_column][\/vc_row]<\/p>","protected":false},"excerpt":{"rendered":"<p>[vc_row css=&#8221;.vc_custom_1492595200451{margin-top: 30px !important;}&#8221;][vc_column][vc_column_text]La nostra esperienza e la fornitura di servizi di alta qualit\u00e0 ci hanno reso uno degli uffici pi\u00f9 affidabili. Una delle nostre&#8230;<\/p>\n","protected":false},"author":8,"featured_media":0,"parent":0,"menu_order":2,"comment_status":"closed","ping_status":"closed","template":"","meta":{"footnotes":""},"class_list":["post-166","page","type-page","status-publish","hentry"],"yoast_head":"<!-- This site is optimized with the Yoast SEO plugin v24.4 - https:\/\/yoast.com\/wordpress\/plugins\/seo\/ -->\n<title>La compagnia - Getickets Ferry Tickets<\/title>\n<meta name=\"robots\" content=\"index, follow, max-snippet:-1, max-image-preview:large, max-video-preview:-1\" \/>\n<link rel=\"canonical\" href=\"https:\/\/getickets.gr\/el\/our-company\/\" \/>\n<meta property=\"og:locale\" content=\"it_IT\" \/>\n<meta property=\"og:type\" content=\"article\" \/>\n<meta property=\"og:title\" content=\"La compagnia - Getickets Ferry Tickets\" \/>\n<meta property=\"og:description\" content=\"[vc_row css=&#8221;.vc_custom_1492595200451{margin-top: 30px !important;}&#8221;][vc_column][vc_column_text]La nostra esperienza e la fornitura di servizi di alta qualit\u00e0 ci hanno reso uno degli uffici pi\u00f9 affidabili. Una delle nostre...\" \/>\n<meta property=\"og:url\" content=\"https:\/\/getickets.gr\/el\/our-company\/\" \/>\n<meta property=\"og:site_name\" content=\"Getickets Ferry Tickets\" \/>\n<meta property=\"article:modified_time\" content=\"2018-02-24T21:08:49+00:00\" \/>\n<meta name=\"twitter:card\" content=\"summary_large_image\" \/>\n<meta name=\"twitter:label1\" content=\"Tempo di lettura stimato\" \/>\n\t<meta name=\"twitter:data1\" content=\"1 minute\" \/>\n<script type=\"application\/ld+json\" class=\"yoast-schema-graph\">{\"@context\":\"https:\/\/schema.org\",\"@graph\":[{\"@type\":\"WebPage\",\"@id\":\"https:\/\/getickets.gr\/el\/our-company\/\",\"url\":\"https:\/\/getickets.gr\/el\/our-company\/\",\"name\":\"La compagnia - Getickets Ferry Tickets\",\"isPartOf\":{\"@id\":\"https:\/\/getickets.gr\/el\/#website\"},\"datePublished\":\"2017-04-28T12:21:18+00:00\",\"dateModified\":\"2018-02-24T21:08:49+00:00\",\"breadcrumb\":{\"@id\":\"https:\/\/getickets.gr\/el\/our-company\/#breadcrumb\"},\"inLanguage\":\"it-IT\",\"potentialAction\":[{\"@type\":\"ReadAction\",\"target\":[\"https:\/\/getickets.gr\/el\/our-company\/\"]}]},{\"@type\":\"BreadcrumbList\",\"@id\":\"https:\/\/getickets.gr\/el\/our-company\/#breadcrumb\",\"itemListElement\":[{\"@type\":\"ListItem\",\"position\":1,\"name\":\"\u0391\u03c1\u03c7\u03b9\u03ba\u03ae\",\"item\":\"https:\/\/getickets.gr\/el\/\"},{\"@type\":\"ListItem\",\"position\":2,\"name\":\"\u0397 \u03b5\u03c4\u03b1\u03b9\u03c1\u03af\u03b1 \u03bc\u03b1\u03c2\"}]},{\"@type\":\"WebSite\",\"@id\":\"https:\/\/getickets.gr\/el\/#website\",\"url\":\"https:\/\/getickets.gr\/el\/\",\"name\":\"Getickets Ferry Tickets\",\"description\":\"Astakos Ithaki Kefalonia\",\"potentialAction\":[{\"@type\":\"SearchAction\",\"target\":{\"@type\":\"EntryPoint\",\"urlTemplate\":\"https:\/\/getickets.gr\/el\/?s={search_term_string}\"},\"query-input\":{\"@type\":\"PropertyValueSpecification\",\"valueRequired\":true,\"valueName\":\"search_term_string\"}}],\"inLanguage\":\"it-IT\"}]}<\/script>\n<!-- \/ Yoast SEO plugin. -->","yoast_head_json":{"title":"La compagnia - Getickets Ferry Tickets","robots":{"index":"index","follow":"follow","max-snippet":"max-snippet:-1","max-image-preview":"max-image-preview:large","max-video-preview":"max-video-preview:-1"},"canonical":"https:\/\/getickets.gr\/el\/our-company\/","og_locale":"it_IT","og_type":"article","og_title":"La compagnia - Getickets Ferry Tickets","og_description":"[vc_row css=&#8221;.vc_custom_1492595200451{margin-top: 30px !important;}&#8221;][vc_column][vc_column_text]La nostra esperienza e la fornitura di servizi di alta qualit\u00e0 ci hanno reso uno degli uffici pi\u00f9 affidabili. Una delle nostre...","og_url":"https:\/\/getickets.gr\/el\/our-company\/","og_site_name":"Getickets Ferry Tickets","article_modified_time":"2018-02-24T21:08:49+00:00","twitter_card":"summary_large_image","twitter_misc":{"Tempo di lettura stimato":"1 minute"},"schema":{"@context":"https:\/\/schema.org","@graph":[{"@type":"WebPage","@id":"https:\/\/getickets.gr\/el\/our-company\/","url":"https:\/\/getickets.gr\/el\/our-company\/","name":"La compagnia - Getickets Ferry Tickets","isPartOf":{"@id":"https:\/\/getickets.gr\/el\/#website"},"datePublished":"2017-04-28T12:21:18+00:00","dateModified":"2018-02-24T21:08:49+00:00","breadcrumb":{"@id":"https:\/\/getickets.gr\/el\/our-company\/#breadcrumb"},"inLanguage":"it-IT","potentialAction":[{"@type":"ReadAction","target":["https:\/\/getickets.gr\/el\/our-company\/"]}]},{"@type":"BreadcrumbList","@id":"https:\/\/getickets.gr\/el\/our-company\/#breadcrumb","itemListElement":[{"@type":"ListItem","position":1,"name":"\u0391\u03c1\u03c7\u03b9\u03ba\u03ae","item":"https:\/\/getickets.gr\/el\/"},{"@type":"ListItem","position":2,"name":"\u0397 \u03b5\u03c4\u03b1\u03b9\u03c1\u03af\u03b1 \u03bc\u03b1\u03c2"}]},{"@type":"WebSite","@id":"https:\/\/getickets.gr\/el\/#website","url":"https:\/\/getickets.gr\/el\/","name":"Getickets Ferry Tickets","description":"Astakos Ithaki Kefalonia","potentialAction":[{"@type":"SearchAction","target":{"@type":"EntryPoint","urlTemplate":"https:\/\/getickets.gr\/el\/?s={search_term_string}"},"query-input":{"@type":"PropertyValueSpecification","valueRequired":true,"valueName":"search_term_string"}}],"inLanguage":"it-IT"}]}},"_links":{"self":[{"href":"https:\/\/getickets.gr\/it\/wp-json\/wp\/v2\/pages\/166","targetHints":{"allow":["GET"]}}],"collection":[{"href":"https:\/\/getickets.gr\/it\/wp-json\/wp\/v2\/pages"}],"about":[{"href":"https:\/\/getickets.gr\/it\/wp-json\/wp\/v2\/types\/page"}],"author":[{"embeddable":true,"href":"https:\/\/getickets.gr\/it\/wp-json\/wp\/v2\/users\/8"}],"replies":[{"embeddable":true,"href":"https:\/\/getickets.gr\/it\/wp-json\/wp\/v2\/comments?post=166"}],"version-history":[{"count":7,"href":"https:\/\/getickets.gr\/it\/wp-json\/wp\/v2\/pages\/166\/revisions"}],"predecessor-version":[{"id":389,"href":"https:\/\/getickets.gr\/it\/wp-json\/wp\/v2\/pages\/166\/revisions\/389"}],"wp:attachment":[{"href":"https:\/\/getickets.gr\/it\/wp-json\/wp\/v2\/media?parent=166"}],"curies":[{"name":"wp","href":"https:\/\/api.w.org\/{rel}","templated":true}]}}